{"id":129,"date":"2023-08-09T00:17:47","date_gmt":"2023-08-09T00:17:47","guid":{"rendered":"https:\/\/shopy.uno\/invercursos\/?post_type=product&#038;p=129"},"modified":"2023-08-24T02:58:20","modified_gmt":"2023-08-24T02:58:20","slug":"emprende-tu-negocio-de-cosmetica-cannabica","status":"publish","type":"product","link":"https:\/\/shopy.uno\/invercursos\/producto\/emprende-tu-negocio-de-cosmetica-cannabica\/","title":{"rendered":"EMPRENDE TU NEGOCIO DE COSM\u00c9TICA CANN\u00c1BICA"},"content":{"rendered":"<p><iframe title=\"YouTube video player\" src=\"https:\/\/www.youtube.com\/embed\/QvjVBqPZua4\" width=\"560\" height=\"315\" frameborder=\"0\" allowfullscreen=\"allowfullscreen\"><\/iframe><\/p>\n","protected":false},"excerpt":{"rendered":"<p><strong>\u00bfConoces las bondades medicinales del Cannabis?<\/strong><\/p>\n<p>Con el MasterClass EMPRENDE TU NEGOCIO DE COSM\u00c9TICA CANN\u00c1BICA, aprender\u00e1s paso a paso, c\u00f3mo extraer todas sus propiedades, a convertirla en productos medicinales para toda la familia y a emprender.<\/p>\n","protected":false},"featured_media":130,"comment_status":"open","ping_status":"closed","template":"","meta":{"_eb_attr":"","site-sidebar-layout":"default","site-content-layout":"","ast-site-content-layout":"","site-content-style":"default","site-sidebar-style":"default","ast-global-header-display":"","ast-banner-title-visibility":"","ast-main-header-display":"","ast-hfb-above-header-display":"","ast-hfb-below-header-display":"","ast-hfb-mobile-header-display":"","site-post-title":"","ast-breadcrumbs-content":"","ast-featured-img":"","footer-sml-layout":"","theme-transparent-header-meta":"","adv-header-id-meta":"","stick-header-meta":"","header-above-stick-meta":"","header-main-stick-meta":"","header-below-stick-meta":"","astra-migrate-meta-layouts":"","jetpack_post_was_ever_published":false},"product_brand":[],"product_cat":[19,47],"product_tag":[],"class_list":{"0":"post-129","1":"product","2":"type-product","3":"status-publish","4":"has-post-thumbnail","6":"product_cat-belleza","7":"product_cat-cosmetica","8":"desktop-align-left","9":"tablet-align-left","10":"mobile-align-left","12":"first","13":"instock","14":"shipping-taxable","15":"product-type-external"},"yoast_head":"<!-- This site is optimized with the Yoast SEO Premium plugin v20.12 (Yoast SEO v20.12) - https:\/\/yoast.com\/wordpress\/plugins\/seo\/ -->\n<title>EMPRENDE TU NEGOCIO DE COSM\u00c9TICA CANN\u00c1BICA | Cursos Digitales Online<\/title>\n<meta name=\"robots\" content=\"index, follow, max-snippet:-1, max-image-preview:large, max-video-preview:-1\" \/>\n<link rel=\"canonical\" href=\"https:\/\/shopy.uno\/invercursos\/producto\/emprende-tu-negocio-de-cosmetica-cannabica\/\" \/>\n<meta property=\"og:locale\" content=\"es_ES\" \/>\n<meta property=\"og:type\" content=\"article\" \/>\n<meta property=\"og:title\" content=\"EMPRENDE TU NEGOCIO DE COSM\u00c9TICA CANN\u00c1BICA\" \/>\n<meta property=\"og:description\" content=\"\u00bfConoces las bondades medicinales del Cannabis?  Con el MasterClass EMPRENDE TU NEGOCIO DE COSM\u00c9TICA CANN\u00c1BICA, aprender\u00e1s paso a paso, c\u00f3mo extraer todas sus propiedades, a convertirla en productos medicinales para toda la familia y a emprender.\" \/>\n<meta property=\"og:url\" content=\"https:\/\/shopy.uno\/invercursos\/producto\/emprende-tu-negocio-de-cosmetica-cannabica\/\" \/>\n<meta property=\"og:site_name\" content=\"Cursos Digitales Online\" \/>\n<meta property=\"article:publisher\" content=\"https:\/\/www.facebook.com\/cursosodesdecasaonline\/\" \/>\n<meta property=\"article:modified_time\" content=\"2023-08-24T02:58:20+00:00\" \/>\n<meta property=\"og:image\" content=\"https:\/\/i0.wp.com\/www.invercursos.online\/wp-content\/uploads\/2023\/08\/MasterSELLO-4.jpg?fit=600%2C600&ssl=1\" \/>\n\t<meta property=\"og:image:width\" content=\"600\" \/>\n\t<meta property=\"og:image:height\" content=\"600\" \/>\n\t<meta property=\"og:image:type\" content=\"image\/jpeg\" \/>\n<meta name=\"twitter:card\" content=\"summary_large_image\" \/>\n<script type=\"application\/ld+json\" class=\"yoast-schema-graph\">{\"@context\":\"https:\/\/schema.org\",\"@graph\":[{\"@type\":\"WebPage\",\"@id\":\"https:\/\/shopy.uno\/invercursos\/producto\/emprende-tu-negocio-de-cosmetica-cannabica\/\",\"url\":\"https:\/\/shopy.uno\/invercursos\/producto\/emprende-tu-negocio-de-cosmetica-cannabica\/\",\"name\":\"EMPRENDE TU NEGOCIO DE COSM\u00c9TICA CANN\u00c1BICA | Cursos Digitales Online\",\"isPartOf\":{\"@id\":\"https:\/\/shopy.uno\/invercursos\/#website\"},\"datePublished\":\"2023-08-09T00:17:47+00:00\",\"dateModified\":\"2023-08-24T02:58:20+00:00\",\"breadcrumb\":{\"@id\":\"https:\/\/shopy.uno\/invercursos\/producto\/emprende-tu-negocio-de-cosmetica-cannabica\/#breadcrumb\"},\"inLanguage\":\"es\",\"potentialAction\":[{\"@type\":\"ReadAction\",\"target\":[\"https:\/\/shopy.uno\/invercursos\/producto\/emprende-tu-negocio-de-cosmetica-cannabica\/\"]}]},{\"@type\":\"BreadcrumbList\",\"@id\":\"https:\/\/shopy.uno\/invercursos\/producto\/emprende-tu-negocio-de-cosmetica-cannabica\/#breadcrumb\",\"itemListElement\":[{\"@type\":\"ListItem\",\"position\":1,\"name\":\"Portada\",\"item\":\"https:\/\/shopy.uno\/invercursos\/\"},{\"@type\":\"ListItem\",\"position\":2,\"name\":\"Tienda\",\"item\":\"https:\/\/shopy.uno\/invercursos\/tienda\/\"},{\"@type\":\"ListItem\",\"position\":3,\"name\":\"EMPRENDE TU NEGOCIO DE COSM\u00c9TICA CANN\u00c1BICA\"}]},{\"@type\":\"WebSite\",\"@id\":\"https:\/\/shopy.uno\/invercursos\/#website\",\"url\":\"https:\/\/shopy.uno\/invercursos\/\",\"name\":\"Cursos Digitales Online\",\"description\":\"Cursos Digitales Online gratis\",\"publisher\":{\"@id\":\"https:\/\/shopy.uno\/invercursos\/#organization\"},\"alternateName\":\"Cursos Digitales Online\",\"potentialAction\":[{\"@type\":\"SearchAction\",\"target\":{\"@type\":\"EntryPoint\",\"urlTemplate\":\"https:\/\/shopy.uno\/invercursos\/?s={search_term_string}\"},\"query-input\":\"required name=search_term_string\"}],\"inLanguage\":\"es\"},{\"@type\":\"Organization\",\"@id\":\"https:\/\/shopy.uno\/invercursos\/#organization\",\"name\":\"invercursos\",\"url\":\"https:\/\/shopy.uno\/invercursos\/\",\"logo\":{\"@type\":\"ImageObject\",\"inLanguage\":\"es\",\"@id\":\"https:\/\/shopy.uno\/invercursos\/#\/schema\/logo\/image\/\",\"url\":\"https:\/\/shopy.uno\/invercursos\/wp-content\/uploads\/2023\/08\/cropped-INVER_CURSOS.ONLINE-removebg-preview-2.png\",\"contentUrl\":\"https:\/\/shopy.uno\/invercursos\/wp-content\/uploads\/2023\/08\/cropped-INVER_CURSOS.ONLINE-removebg-preview-2.png\",\"width\":496,\"height\":496,\"caption\":\"invercursos\"},\"image\":{\"@id\":\"https:\/\/shopy.uno\/invercursos\/#\/schema\/logo\/image\/\"},\"sameAs\":[\"https:\/\/www.facebook.com\/cursosodesdecasaonline\/\"]}]}<\/script>\n<!-- \/ Yoast SEO Premium plugin. -->","yoast_head_json":{"title":"EMPRENDE TU NEGOCIO DE COSM\u00c9TICA CANN\u00c1BICA | Cursos Digitales Online","robots":{"index":"index","follow":"follow","max-snippet":"max-snippet:-1","max-image-preview":"max-image-preview:large","max-video-preview":"max-video-preview:-1"},"canonical":"https:\/\/shopy.uno\/invercursos\/producto\/emprende-tu-negocio-de-cosmetica-cannabica\/","og_locale":"es_ES","og_type":"article","og_title":"EMPRENDE TU NEGOCIO DE COSM\u00c9TICA CANN\u00c1BICA","og_description":"\u00bfConoces las bondades medicinales del Cannabis?  Con el MasterClass EMPRENDE TU NEGOCIO DE COSM\u00c9TICA CANN\u00c1BICA, aprender\u00e1s paso a paso, c\u00f3mo extraer todas sus propiedades, a convertirla en productos medicinales para toda la familia y a emprender.","og_url":"https:\/\/shopy.uno\/invercursos\/producto\/emprende-tu-negocio-de-cosmetica-cannabica\/","og_site_name":"Cursos Digitales Online","article_publisher":"https:\/\/www.facebook.com\/cursosodesdecasaonline\/","article_modified_time":"2023-08-24T02:58:20+00:00","og_image":[{"width":600,"height":600,"url":"https:\/\/i0.wp.com\/www.invercursos.online\/wp-content\/uploads\/2023\/08\/MasterSELLO-4.jpg?fit=600%2C600&ssl=1","type":"image\/jpeg"}],"twitter_card":"summary_large_image","schema":{"@context":"https:\/\/schema.org","@graph":[{"@type":"WebPage","@id":"https:\/\/shopy.uno\/invercursos\/producto\/emprende-tu-negocio-de-cosmetica-cannabica\/","url":"https:\/\/shopy.uno\/invercursos\/producto\/emprende-tu-negocio-de-cosmetica-cannabica\/","name":"EMPRENDE TU NEGOCIO DE COSM\u00c9TICA CANN\u00c1BICA | Cursos Digitales Online","isPartOf":{"@id":"https:\/\/shopy.uno\/invercursos\/#website"},"datePublished":"2023-08-09T00:17:47+00:00","dateModified":"2023-08-24T02:58:20+00:00","breadcrumb":{"@id":"https:\/\/shopy.uno\/invercursos\/producto\/emprende-tu-negocio-de-cosmetica-cannabica\/#breadcrumb"},"inLanguage":"es","potentialAction":[{"@type":"ReadAction","target":["https:\/\/shopy.uno\/invercursos\/producto\/emprende-tu-negocio-de-cosmetica-cannabica\/"]}]},{"@type":"BreadcrumbList","@id":"https:\/\/shopy.uno\/invercursos\/producto\/emprende-tu-negocio-de-cosmetica-cannabica\/#breadcrumb","itemListElement":[{"@type":"ListItem","position":1,"name":"Portada","item":"https:\/\/shopy.uno\/invercursos\/"},{"@type":"ListItem","position":2,"name":"Tienda","item":"https:\/\/shopy.uno\/invercursos\/tienda\/"},{"@type":"ListItem","position":3,"name":"EMPRENDE TU NEGOCIO DE COSM\u00c9TICA CANN\u00c1BICA"}]},{"@type":"WebSite","@id":"https:\/\/shopy.uno\/invercursos\/#website","url":"https:\/\/shopy.uno\/invercursos\/","name":"Cursos Digitales Online","description":"Cursos Digitales Online gratis","publisher":{"@id":"https:\/\/shopy.uno\/invercursos\/#organization"},"alternateName":"Cursos Digitales Online","potentialAction":[{"@type":"SearchAction","target":{"@type":"EntryPoint","urlTemplate":"https:\/\/shopy.uno\/invercursos\/?s={search_term_string}"},"query-input":"required name=search_term_string"}],"inLanguage":"es"},{"@type":"Organization","@id":"https:\/\/shopy.uno\/invercursos\/#organization","name":"invercursos","url":"https:\/\/shopy.uno\/invercursos\/","logo":{"@type":"ImageObject","inLanguage":"es","@id":"https:\/\/shopy.uno\/invercursos\/#\/schema\/logo\/image\/","url":"https:\/\/shopy.uno\/invercursos\/wp-content\/uploads\/2023\/08\/cropped-INVER_CURSOS.ONLINE-removebg-preview-2.png","contentUrl":"https:\/\/shopy.uno\/invercursos\/wp-content\/uploads\/2023\/08\/cropped-INVER_CURSOS.ONLINE-removebg-preview-2.png","width":496,"height":496,"caption":"invercursos"},"image":{"@id":"https:\/\/shopy.uno\/invercursos\/#\/schema\/logo\/image\/"},"sameAs":["https:\/\/www.facebook.com\/cursosodesdecasaonline\/"]}]}},"jetpack-related-posts":[],"jetpack_sharing_enabled":true,"_links":{"self":[{"href":"https:\/\/shopy.uno\/invercursos\/wp-json\/wp\/v2\/product\/129","targetHints":{"allow":["GET"]}}],"collection":[{"href":"https:\/\/shopy.uno\/invercursos\/wp-json\/wp\/v2\/product"}],"about":[{"href":"https:\/\/shopy.uno\/invercursos\/wp-json\/wp\/v2\/types\/product"}],"replies":[{"embeddable":true,"href":"https:\/\/shopy.uno\/invercursos\/wp-json\/wp\/v2\/comments?post=129"}],"wp:featuredmedia":[{"embeddable":true,"href":"https:\/\/shopy.uno\/invercursos\/wp-json\/wp\/v2\/media\/130"}],"wp:attachment":[{"href":"https:\/\/shopy.uno\/invercursos\/wp-json\/wp\/v2\/media?parent=129"}],"wp:term":[{"taxonomy":"product_brand","embeddable":true,"href":"https:\/\/shopy.uno\/invercursos\/wp-json\/wp\/v2\/product_brand?post=129"},{"taxonomy":"product_cat","embeddable":true,"href":"https:\/\/shopy.uno\/invercursos\/wp-json\/wp\/v2\/product_cat?post=129"},{"taxonomy":"product_tag","embeddable":true,"href":"https:\/\/shopy.uno\/invercursos\/wp-json\/wp\/v2\/product_tag?post=129"}],"curies":[{"name":"wp","href":"https:\/\/api.w.org\/{rel}","templated":true}]}}