{"id":46,"date":"2023-08-07T23:40:32","date_gmt":"2023-08-07T23:40:32","guid":{"rendered":"https:\/\/shopy.uno\/invercursos\/?post_type=product&#038;p=46"},"modified":"2023-08-24T03:09:42","modified_gmt":"2023-08-24T03:09:42","slug":"disenar-pestanas-pelo-a-pelo","status":"publish","type":"product","link":"https:\/\/shopy.uno\/invercursos\/producto\/disenar-pestanas-pelo-a-pelo\/","title":{"rendered":"EL ARTE DE DISE\u00d1AR PESTA\u00d1AS PELO A PELO COMO NEGOCIO"},"content":{"rendered":"<p><iframe title=\"YouTube video player\" src=\"https:\/\/www.youtube.com\/embed\/Jsfq2YkkDp0\" width=\"560\" height=\"315\" frameborder=\"0\" allowfullscreen=\"allowfullscreen\"><span data-mce-type=\"bookmark\" style=\"display: inline-block; width: 0px; overflow: hidden; line-height: 0;\" class=\"mce_SELRES_start\">\ufeff<\/span><\/iframe><\/p>\n<p><strong>\u00bfTe interesa aprender a dise\u00f1ar y a dar volumen a las pesta\u00f1as como oportunidad de negocio?<\/strong><\/p>\n<p>Con el MasterClass EL ARTE DE DISE\u00d1AR PESTA\u00d1AS COMO NEGOCIO, aprender\u00e1s desde cero y de la mano de una experta esteticista y cosmiatra profesional, a dise\u00f1ar unas pesta\u00f1as perfectas y con esto a crear un pr\u00f3spero negocio.<\/p>\n<h2><strong class=\"ql-size-large\">\u00bfQU\u00c9 VAS A LOGRAR?<\/strong><\/h2>\n<ul>\n<li>Aprender\u00e1s a dise\u00f1ar pesta\u00f1as pelo a pelo\u00a0 desde 0 a una experta.<\/li>\n<li>Dominar\u00e1s diferentes t\u00e9cnicas.<\/li>\n<li>Ser\u00e1s una profesional restaurando pesta\u00f1as de forma natural.<\/li>\n<li>Dise\u00f1ar\u00e1s pesta\u00f1as seg\u00fan anatom\u00eda, fisionom\u00eda y gustos del cliente independientemente de su estructura o forma actual.<\/li>\n<li>Contar\u00e1s con una herramienta de negocio que es tendencia y totalmente rentable.<\/li>\n<li>Te convertir\u00e1s en una profesional del dise\u00f1o de pesta\u00f1as bastante cotizado.<\/li>\n<li>Tu cliente podr\u00e1 elegir el dise\u00f1o con el que se sienta c\u00f3moda antes de cualquier procedimiento.<\/li>\n<li>Dominar\u00e1s c\u00f3mo elegir el dise\u00f1o correcto y forma para cada tipo de cliente.<\/li>\n<li>Conocer\u00e1s las herramientas b\u00e1sicas para crear tu negocio desde cero.<\/li>\n<li>Obtendr\u00e1s un negocio independiente y rentable.<\/li>\n<li>Te convertir\u00e1s en la mejor en el \u00e1rea.<\/li>\n<li>Desarrollar\u00e1s el profesionalismo y \u00e9tica profesional.<\/li>\n<li>Manejar\u00e1s tu propio tiempo.<\/li>\n<li>Acceder\u00e1s al certificado avalado por Hotmart y Seminarios Online.<\/li>\n<\/ul>\n<h2><strong class=\"ql-size-large\">\u00bfC\u00d3MO LO VAS A LOGRAR?<\/strong><\/h2>\n<p>A trav\u00e9s del siguiente contenido, estructurado paso a paso:<\/p>\n<p>M\u00d3DULO 1 &#8211; BIENVENIDA<\/p>\n<p>M\u00d3DULO 2 &#8211; C\u00d3MO LO VAS A LOGRAR<\/p>\n<p>M\u00d3DULO 3 &#8211; DEMOSTRACI\u00d3N DISE\u00d1AR PESTA\u00d1AS PELO A PELO<\/p>\n<p>M\u00d3DULO 4 &#8211; ANTES DE INICIAR<\/p>\n<p>M\u00d3DULO 5 &#8211; PR\u00c1CTICA DISE\u00d1AR PESTA\u00d1AS PELO A PELO<\/p>\n<p>M\u00d3DULO 6 &#8211; DISE\u00d1O CAT<\/p>\n<p>M\u00d3DULO 7 &#8211; DISE\u00d1O ARDILLA<\/p>\n<p>M\u00d3DULO 8 &#8211; MANTENIMIENTO DE LAS EXTENSIONES<\/p>\n<p>M\u00d3DULO 9 &#8211; RECURSO EN PDF<\/p>\n<p>M\u00d3DULO 10 \u2013 MATERIAL ADICIONAL (BONOS)<\/p>\n<p>M\u00d3DULO 11 &#8211; VIDEO RESPUESTAS<\/p>\n<p>M\u00d3DULO 12 &#8211; DESPEDIDA<\/p>\n<p>M\u00d3DULO 13 \u2013 \u00bfC\u00d3MO OBTENER TU CERTIFICADO?<\/p>\n<h2><strong>ACERCA DE LA PRODUCTORA<\/strong><\/h2>\n<p>Desarrollado por NOHELIA MORALES, profesional de la salud, esteticista, cosmiatra micropigmentadora profesional de cejas, pesta\u00f1as, labios y ojos, lashista.<\/p>\n<p>Cuenta con diferentes formaciones acad\u00e9micas y profesionales de diferentes pa\u00edses.<\/p>\n<p>Hoy tiene su propio estudio y academia de belleza y quiere que t\u00fa tambi\u00e9n logres el \u00e9xito que tanto anhelas en este campo.<\/p>\n","protected":false},"excerpt":{"rendered":"<h3><strong>\u00bfTe interesa aprender a dise\u00f1ar y a dar volumen a las pesta\u00f1as pelo a pelo como oportunidad de negocio?<\/strong><\/h3>\n<p>Con este curso, aprender\u00e1s desde cero y de la mano de una experta esteticista y cosmiatra profesional, a dise\u00f1ar unas pesta\u00f1as perfectas y con esto a crear un pr\u00f3spero negocio.<\/p>\n","protected":false},"featured_media":47,"comment_status":"open","ping_status":"closed","template":"","meta":{"_eb_attr":"","site-sidebar-layout":"default","site-content-layout":"","ast-site-content-layout":"","site-content-style":"default","site-sidebar-style":"default","ast-global-header-display":"","ast-banner-title-visibility":"","ast-main-header-display":"","ast-hfb-above-header-display":"","ast-hfb-below-header-display":"","ast-hfb-mobile-header-display":"","site-post-title":"","ast-breadcrumbs-content":"","ast-featured-img":"","footer-sml-layout":"","theme-transparent-header-meta":"","adv-header-id-meta":"","stick-header-meta":"","header-above-stick-meta":"","header-main-stick-meta":"","header-below-stick-meta":"","astra-migrate-meta-layouts":"","jetpack_post_was_ever_published":false},"product_brand":[],"product_cat":[19,48,49],"product_tag":[20,21],"class_list":{"0":"post-46","1":"product","2":"type-product","3":"status-publish","4":"has-post-thumbnail","6":"product_cat-belleza","7":"product_cat-cejas","8":"product_cat-pestamas","9":"product_tag-belleza","10":"product_tag-pestanas","11":"desktop-align-left","12":"tablet-align-left","13":"mobile-align-left","15":"first","16":"instock","17":"shipping-taxable","18":"product-type-external"},"yoast_head":"<!-- This site is optimized with the Yoast SEO Premium plugin v20.12 (Yoast SEO v20.12) - https:\/\/yoast.com\/wordpress\/plugins\/seo\/ -->\n<title>DISE\u00d1AR PESTA\u00d1AS PELO A PELO COMO NEGOCIO<\/title>\n<meta name=\"description\" content=\"Con el MasterClass EL ARTE DE DISE\u00d1AR PESTA\u00d1AS COMO NEGOCIOPESTA\u00d1AS PELO A PELO COMO NEGOCIO, aprender\u00e1s desde cero y de la mano de una experta esteticista\" \/>\n<meta name=\"robots\" content=\"index, follow, max-snippet:-1, max-image-preview:large, max-video-preview:-1\" \/>\n<link rel=\"canonical\" href=\"https:\/\/shopy.uno\/invercursos\/producto\/disenar-pestanas-pelo-a-pelo\/\" \/>\n<meta property=\"og:locale\" content=\"es_ES\" \/>\n<meta property=\"og:type\" content=\"article\" \/>\n<meta property=\"og:title\" content=\"EL ARTE DE DISE\u00d1AR PESTA\u00d1AS PELO A PELO COMO NEGOCIO\" \/>\n<meta property=\"og:description\" content=\"Con el MasterClass EL ARTE DE DISE\u00d1AR PESTA\u00d1AS COMO NEGOCIOPESTA\u00d1AS PELO A PELO COMO NEGOCIO, aprender\u00e1s desde cero y de la mano de una experta esteticista\" \/>\n<meta property=\"og:url\" content=\"https:\/\/shopy.uno\/invercursos\/producto\/disenar-pestanas-pelo-a-pelo\/\" \/>\n<meta property=\"og:site_name\" content=\"Cursos Digitales Online\" \/>\n<meta property=\"article:publisher\" content=\"https:\/\/www.facebook.com\/cursosodesdecasaonline\/\" \/>\n<meta property=\"article:modified_time\" content=\"2023-08-24T03:09:42+00:00\" \/>\n<meta property=\"og:image\" content=\"https:\/\/i0.wp.com\/www.invercursos.online\/wp-content\/uploads\/2023\/08\/MasterSello-2.jpg?fit=600%2C600&ssl=1\" \/>\n\t<meta property=\"og:image:width\" content=\"600\" \/>\n\t<meta property=\"og:image:height\" content=\"600\" \/>\n\t<meta property=\"og:image:type\" content=\"image\/jpeg\" \/>\n<meta name=\"twitter:card\" content=\"summary_large_image\" \/>\n<meta name=\"twitter:label1\" content=\"Tiempo de lectura\" \/>\n\t<meta name=\"twitter:data1\" content=\"2 minutos\" \/>\n<script type=\"application\/ld+json\" class=\"yoast-schema-graph\">{\"@context\":\"https:\/\/schema.org\",\"@graph\":[{\"@type\":\"WebPage\",\"@id\":\"https:\/\/shopy.uno\/invercursos\/producto\/disenar-pestanas-pelo-a-pelo\/\",\"url\":\"https:\/\/shopy.uno\/invercursos\/producto\/disenar-pestanas-pelo-a-pelo\/\",\"name\":\"DISE\u00d1AR PESTA\u00d1AS PELO A PELO COMO NEGOCIO\",\"isPartOf\":{\"@id\":\"https:\/\/shopy.uno\/invercursos\/#website\"},\"datePublished\":\"2023-08-07T23:40:32+00:00\",\"dateModified\":\"2023-08-24T03:09:42+00:00\",\"description\":\"Con el MasterClass EL ARTE DE DISE\u00d1AR PESTA\u00d1AS COMO NEGOCIOPESTA\u00d1AS PELO A PELO COMO NEGOCIO, aprender\u00e1s desde cero y de la mano de una experta esteticista\",\"breadcrumb\":{\"@id\":\"https:\/\/shopy.uno\/invercursos\/producto\/disenar-pestanas-pelo-a-pelo\/#breadcrumb\"},\"inLanguage\":\"es\",\"potentialAction\":[{\"@type\":\"ReadAction\",\"target\":[\"https:\/\/shopy.uno\/invercursos\/producto\/disenar-pestanas-pelo-a-pelo\/\"]}]},{\"@type\":\"BreadcrumbList\",\"@id\":\"https:\/\/shopy.uno\/invercursos\/producto\/disenar-pestanas-pelo-a-pelo\/#breadcrumb\",\"itemListElement\":[{\"@type\":\"ListItem\",\"position\":1,\"name\":\"Portada\",\"item\":\"https:\/\/shopy.uno\/invercursos\/\"},{\"@type\":\"ListItem\",\"position\":2,\"name\":\"Tienda\",\"item\":\"https:\/\/shopy.uno\/invercursos\/tienda\/\"},{\"@type\":\"ListItem\",\"position\":3,\"name\":\"EL ARTE DE DISE\u00d1AR PESTA\u00d1AS PELO A PELO COMO NEGOCIO\"}]},{\"@type\":\"WebSite\",\"@id\":\"https:\/\/shopy.uno\/invercursos\/#website\",\"url\":\"https:\/\/shopy.uno\/invercursos\/\",\"name\":\"Cursos Digitales Online\",\"description\":\"Cursos Digitales Online gratis\",\"publisher\":{\"@id\":\"https:\/\/shopy.uno\/invercursos\/#organization\"},\"alternateName\":\"Cursos Digitales Online\",\"potentialAction\":[{\"@type\":\"SearchAction\",\"target\":{\"@type\":\"EntryPoint\",\"urlTemplate\":\"https:\/\/shopy.uno\/invercursos\/?s={search_term_string}\"},\"query-input\":\"required name=search_term_string\"}],\"inLanguage\":\"es\"},{\"@type\":\"Organization\",\"@id\":\"https:\/\/shopy.uno\/invercursos\/#organization\",\"name\":\"invercursos\",\"url\":\"https:\/\/shopy.uno\/invercursos\/\",\"logo\":{\"@type\":\"ImageObject\",\"inLanguage\":\"es\",\"@id\":\"https:\/\/shopy.uno\/invercursos\/#\/schema\/logo\/image\/\",\"url\":\"https:\/\/shopy.uno\/invercursos\/wp-content\/uploads\/2023\/08\/cropped-INVER_CURSOS.ONLINE-removebg-preview-2.png\",\"contentUrl\":\"https:\/\/shopy.uno\/invercursos\/wp-content\/uploads\/2023\/08\/cropped-INVER_CURSOS.ONLINE-removebg-preview-2.png\",\"width\":496,\"height\":496,\"caption\":\"invercursos\"},\"image\":{\"@id\":\"https:\/\/shopy.uno\/invercursos\/#\/schema\/logo\/image\/\"},\"sameAs\":[\"https:\/\/www.facebook.com\/cursosodesdecasaonline\/\"]}]}<\/script>\n<!-- \/ Yoast SEO Premium plugin. -->","yoast_head_json":{"title":"DISE\u00d1AR PESTA\u00d1AS PELO A PELO COMO NEGOCIO","description":"Con el MasterClass EL ARTE DE DISE\u00d1AR PESTA\u00d1AS COMO NEGOCIOPESTA\u00d1AS PELO A PELO COMO NEGOCIO, aprender\u00e1s desde cero y de la mano de una experta esteticista","robots":{"index":"index","follow":"follow","max-snippet":"max-snippet:-1","max-image-preview":"max-image-preview:large","max-video-preview":"max-video-preview:-1"},"canonical":"https:\/\/shopy.uno\/invercursos\/producto\/disenar-pestanas-pelo-a-pelo\/","og_locale":"es_ES","og_type":"article","og_title":"EL ARTE DE DISE\u00d1AR PESTA\u00d1AS PELO A PELO COMO NEGOCIO","og_description":"Con el MasterClass EL ARTE DE DISE\u00d1AR PESTA\u00d1AS COMO NEGOCIOPESTA\u00d1AS PELO A PELO COMO NEGOCIO, aprender\u00e1s desde cero y de la mano de una experta esteticista","og_url":"https:\/\/shopy.uno\/invercursos\/producto\/disenar-pestanas-pelo-a-pelo\/","og_site_name":"Cursos Digitales Online","article_publisher":"https:\/\/www.facebook.com\/cursosodesdecasaonline\/","article_modified_time":"2023-08-24T03:09:42+00:00","og_image":[{"width":600,"height":600,"url":"https:\/\/i0.wp.com\/www.invercursos.online\/wp-content\/uploads\/2023\/08\/MasterSello-2.jpg?fit=600%2C600&ssl=1","type":"image\/jpeg"}],"twitter_card":"summary_large_image","twitter_misc":{"Tiempo de lectura":"2 minutos"},"schema":{"@context":"https:\/\/schema.org","@graph":[{"@type":"WebPage","@id":"https:\/\/shopy.uno\/invercursos\/producto\/disenar-pestanas-pelo-a-pelo\/","url":"https:\/\/shopy.uno\/invercursos\/producto\/disenar-pestanas-pelo-a-pelo\/","name":"DISE\u00d1AR PESTA\u00d1AS PELO A PELO COMO NEGOCIO","isPartOf":{"@id":"https:\/\/shopy.uno\/invercursos\/#website"},"datePublished":"2023-08-07T23:40:32+00:00","dateModified":"2023-08-24T03:09:42+00:00","description":"Con el MasterClass EL ARTE DE DISE\u00d1AR PESTA\u00d1AS COMO NEGOCIOPESTA\u00d1AS PELO A PELO COMO NEGOCIO, aprender\u00e1s desde cero y de la mano de una experta esteticista","breadcrumb":{"@id":"https:\/\/shopy.uno\/invercursos\/producto\/disenar-pestanas-pelo-a-pelo\/#breadcrumb"},"inLanguage":"es","potentialAction":[{"@type":"ReadAction","target":["https:\/\/shopy.uno\/invercursos\/producto\/disenar-pestanas-pelo-a-pelo\/"]}]},{"@type":"BreadcrumbList","@id":"https:\/\/shopy.uno\/invercursos\/producto\/disenar-pestanas-pelo-a-pelo\/#breadcrumb","itemListElement":[{"@type":"ListItem","position":1,"name":"Portada","item":"https:\/\/shopy.uno\/invercursos\/"},{"@type":"ListItem","position":2,"name":"Tienda","item":"https:\/\/shopy.uno\/invercursos\/tienda\/"},{"@type":"ListItem","position":3,"name":"EL ARTE DE DISE\u00d1AR PESTA\u00d1AS PELO A PELO COMO NEGOCIO"}]},{"@type":"WebSite","@id":"https:\/\/shopy.uno\/invercursos\/#website","url":"https:\/\/shopy.uno\/invercursos\/","name":"Cursos Digitales Online","description":"Cursos Digitales Online gratis","publisher":{"@id":"https:\/\/shopy.uno\/invercursos\/#organization"},"alternateName":"Cursos Digitales Online","potentialAction":[{"@type":"SearchAction","target":{"@type":"EntryPoint","urlTemplate":"https:\/\/shopy.uno\/invercursos\/?s={search_term_string}"},"query-input":"required name=search_term_string"}],"inLanguage":"es"},{"@type":"Organization","@id":"https:\/\/shopy.uno\/invercursos\/#organization","name":"invercursos","url":"https:\/\/shopy.uno\/invercursos\/","logo":{"@type":"ImageObject","inLanguage":"es","@id":"https:\/\/shopy.uno\/invercursos\/#\/schema\/logo\/image\/","url":"https:\/\/shopy.uno\/invercursos\/wp-content\/uploads\/2023\/08\/cropped-INVER_CURSOS.ONLINE-removebg-preview-2.png","contentUrl":"https:\/\/shopy.uno\/invercursos\/wp-content\/uploads\/2023\/08\/cropped-INVER_CURSOS.ONLINE-removebg-preview-2.png","width":496,"height":496,"caption":"invercursos"},"image":{"@id":"https:\/\/shopy.uno\/invercursos\/#\/schema\/logo\/image\/"},"sameAs":["https:\/\/www.facebook.com\/cursosodesdecasaonline\/"]}]}},"jetpack-related-posts":[],"jetpack_sharing_enabled":true,"_links":{"self":[{"href":"https:\/\/shopy.uno\/invercursos\/wp-json\/wp\/v2\/product\/46","targetHints":{"allow":["GET"]}}],"collection":[{"href":"https:\/\/shopy.uno\/invercursos\/wp-json\/wp\/v2\/product"}],"about":[{"href":"https:\/\/shopy.uno\/invercursos\/wp-json\/wp\/v2\/types\/product"}],"replies":[{"embeddable":true,"href":"https:\/\/shopy.uno\/invercursos\/wp-json\/wp\/v2\/comments?post=46"}],"wp:featuredmedia":[{"embeddable":true,"href":"https:\/\/shopy.uno\/invercursos\/wp-json\/wp\/v2\/media\/47"}],"wp:attachment":[{"href":"https:\/\/shopy.uno\/invercursos\/wp-json\/wp\/v2\/media?parent=46"}],"wp:term":[{"taxonomy":"product_brand","embeddable":true,"href":"https:\/\/shopy.uno\/invercursos\/wp-json\/wp\/v2\/product_brand?post=46"},{"taxonomy":"product_cat","embeddable":true,"href":"https:\/\/shopy.uno\/invercursos\/wp-json\/wp\/v2\/product_cat?post=46"},{"taxonomy":"product_tag","embeddable":true,"href":"https:\/\/shopy.uno\/invercursos\/wp-json\/wp\/v2\/product_tag?post=46"}],"curies":[{"name":"wp","href":"https:\/\/api.w.org\/{rel}","templated":true}]}}