{"id":65,"date":"2023-08-08T01:59:15","date_gmt":"2023-08-08T01:59:15","guid":{"rendered":"https:\/\/shopy.uno\/invercursos\/?post_type=product&#038;p=65"},"modified":"2023-08-24T03:07:50","modified_gmt":"2023-08-24T03:07:50","slug":"diseno-de-cejas-como-negocio","status":"publish","type":"product","link":"https:\/\/shopy.uno\/invercursos\/producto\/diseno-de-cejas-como-negocio\/","title":{"rendered":"DISE\u00d1AR CEJAS COMO NEGOCIO EN 21 D\u00cdAS"},"content":{"rendered":"<p><iframe title=\"YouTube video player\" src=\"https:\/\/www.youtube.com\/embed\/vRpHoPe5oDk\" width=\"560\" height=\"315\" frameborder=\"0\" allowfullscreen=\"allowfullscreen\"><\/iframe><\/p>\n<h4><strong>Tienes 2 segundos para conectar con tu mirada.<\/strong><\/h4>\n<p>Con el MasterClass DISE\u00d1O DE CEJAS COMO NEGOCIO, domina una profesi\u00f3n con la que puedes generar altos ingresos.<\/p>\n<p>Crea tu propia imagen como profesional de la belleza aprendiendo lifting, rizado de pesta\u00f1as, visagismo de cejas, contorno de ojos y mucho m\u00e1s.<\/p>\n<p>Adem\u00e1s, las estrategias de marketing para ser exitoso en este negocio<\/p>\n<p><strong class=\"ql-size-large\">\u00bfQU\u00c9 VAS A LOGRAR? (DISE\u00d1O DE CEJAS COMO NEGOCIO)<\/strong><\/p>\n<ul>\n<li>Aprende c\u00f3mo hacer un negocio desde 0 en cada \u00e1rea.<\/li>\n<\/ul>\n<ul>\n<li>C\u00f3mo tratar a tu cliente para lograr fidelizaci\u00f3n.<\/li>\n<\/ul>\n<ul>\n<li>Difer\u00e9nciate de la competencia creando tu imagen como profesional de la belleza.<\/li>\n<\/ul>\n<ul>\n<li>Conoce qu\u00e9 elementos tomar en cuenta para montar tu cabina.<\/li>\n<\/ul>\n<ul>\n<li>Domina los materiales b\u00e1sicos para arrancar tu negocio.<\/li>\n<\/ul>\n<ul>\n<li>Desarrolla un protocolo de atenci\u00f3n al cliente profesionalmente.<\/li>\n<\/ul>\n<ul>\n<li>Aplica estrategias org\u00e1nicas y con pauta para vender m\u00e1s (Facebook e Instagram).<\/li>\n<\/ul>\n<ul>\n<li>Saca los costos de cada servicio con una herramienta adjunta.<\/li>\n<\/ul>\n<ul>\n<li>Determina cuanto cobrar por cada servicio con utilidades.<\/li>\n<\/ul>\n<ul>\n<li>Accede al certificado avalado por Hotmart y Seminarios Online.<\/li>\n<\/ul>\n<p><strong class=\"ql-size-large\">\u00bfC\u00d3MO LO VAS A LOGRAR? (DISE\u00d1O DE CEJAS COMO NEGOCIO)<\/strong><\/p>\n<p>A trav\u00e9s del siguiente contenido, estructurado paso a paso:<\/p>\n<p>M\u00d3DULO 1 &#8211; CONVI\u00c9RTETE EN DISE\u00d1ADORA DE MIRADAS Y HAZ UN GRAN NEGOCIO EN 21 D\u00cdAS<\/p>\n<ul>\n<li>Introducci\u00f3n.<\/li>\n<li>Justificaci\u00f3n \u00bfPor qu\u00e9 el negocio es rentable?<\/li>\n<\/ul>\n<p>M\u00d3DULO 2 &#8211; EMPRENDE CON PROP\u00d3SITO<\/p>\n<ul>\n<li>Conecta desde el coraz\u00f3n.<\/li>\n<li>Emprende con prop\u00f3sito.<\/li>\n<li>\u00bfQu\u00e9 te hace diferente?<\/li>\n<li>C\u00f3mo hacer click con tu cliente.<\/li>\n<\/ul>\n<p>M\u00d3DULO 3 &#8211; APRENDE Y DOMINA<\/p>\n<ul>\n<li>Introducci\u00f3n, aprende y domina el dise\u00f1o de cejas como negocio<\/li>\n<li>Mostrando c\u00f3mo hacer masaje de desmaquillado.<\/li>\n<li>Mostrando c\u00f3mo hacer lifting de contorno de ojos.<\/li>\n<li>Mostrando c\u00f3mo hacer la hidrataci\u00f3n facial y lifting kobido.<\/li>\n<li>Mostrando c\u00f3mo hacer masaje relajante craneal, de hombros y espalda.<\/li>\n<li>T\u00e9cnica rizado de pesta\u00f1as.<\/li>\n<li>T\u00e9cnica lifting de pesta\u00f1as.<\/li>\n<li>T\u00e9cnica planchado de cejas.<\/li>\n<li>T\u00e9cnica oscurecimiento de pesta\u00f1as.<\/li>\n<li>T\u00e9cnica tinte de cejas.<\/li>\n<li>T\u00e9cnica visagismo y depilaci\u00f3n de cejas.<\/li>\n<\/ul>\n<p>M\u00d3DULO 4 &#8211; ESCALA TU NEGOCIO<\/p>\n<ul>\n<li>Introducci\u00f3n al nivel 3, escala tu negocio.<\/li>\n<li>Protocolo de atenci\u00f3n al cliente.<\/li>\n<li>Crecimiento del negocio.<\/li>\n<\/ul>\n<p>M\u00d3DULO 5 &#8211; MATERIAL ADICIONAL (BONOS)<\/p>\n<ul>\n<li>Imprimibles, manual Power Look paso a paso.<\/li>\n<li>La t\u00e9cnica para hacer 5 servicios en 1 hora y media para sacar m\u00e1s valor a tu hora.<\/li>\n<li>Herramienta de costos.<\/li>\n<li>C\u00f3mo hacer publicidad de Facebook e Instagram con Mayra V\u00e1zquez.<\/li>\n<\/ul>\n<p>M\u00d3DULO 6 &#8211; VIDEO RESPUESTAS<\/p>\n<ul>\n<li>Video respuestas introducci\u00f3n.<\/li>\n<li>\u00bfD\u00f3nde consigo los productos?<\/li>\n<li>\u00bfQu\u00e9 tonos adquiero para el tinte de cejas, seg\u00fan al tono del cabello de tu cliente?<\/li>\n<li>\u00bfQu\u00e9 diferencia hay entre tinte de cejas y henna en cejas?<\/li>\n<li>\u00bfQu\u00e9 cuidados debo tener con mis productos?<\/li>\n<\/ul>\n<p>M\u00d3DULO 7 \u2013 \u00bfC\u00d3MO OBTENER TU CERTIFICADO?<\/p>\n<ul>\n<li>\u00bfC\u00f3mo obtener tu certificado?<\/li>\n<\/ul>\n<p><strong>ACERCA DE LA PRODUCTORA\u00a0 <strong class=\"ql-size-large\">(DISE\u00d1O DE CEJAS COMO NEGOCIO)<\/strong><\/strong><\/p>\n<p>Desarrollado por REBECA BECERRA, cosmet\u00f3loga y cosmiatra especializada en Dise\u00f1o de Miradas, con m\u00e1s de 21 a\u00f1os dentro del rubro de la belleza.<\/p>\n<p>Cuenta con 2 sucursales propias de su cl\u00ednica de belleza.<\/p>\n<p>Ha creado una metodolog\u00eda que utiliza para capacitar a su personal y de esta manera multiplicar su negocio con este m\u00e9todo.<\/p>\n<p>Ha creado una franquicia, la cual gan\u00f3 el segundo lugar del concurso \u00abImpulso Empr\u00e9ndete\u00bb.<\/p>\n<p>Actualmente, tambi\u00e9n es infoproductora y ense\u00f1a a sus alumnas con el mismo m\u00e9todo de franquicia probado.<\/p>\n<p>De esta forma, sus alumnas pueden tener un negocio exitoso y con crecimiento como \u00abDISE\u00d1ADORA DE MIRADAS PROFESIONALES\u00bb.<\/p>\n","protected":false},"excerpt":{"rendered":"<p><strong>Tienes 2 segundos para conectar con tu mirada.<\/strong><\/p>\n<p>Con el MasterClass DISE\u00d1ADORA DE MIRADAS COMO NEGOCIO, domina una profesi\u00f3n con la que puedes generar altos ingresos.<\/p>\n<p>Crea tu propia imagen como profesional de la belleza aprendiendo lifting, rizado de pesta\u00f1as, visagismo de cejas, contorno de ojos y mucho m\u00e1s.<\/p>\n<p>Adem\u00e1s, las estrategias de marketing para ser exitoso en este negocio<\/p>\n","protected":false},"featured_media":67,"comment_status":"open","ping_status":"closed","template":"","meta":{"_eb_attr":"","site-sidebar-layout":"default","site-content-layout":"","ast-site-content-layout":"","site-content-style":"default","site-sidebar-style":"default","ast-global-header-display":"","ast-banner-title-visibility":"","ast-main-header-display":"","ast-hfb-above-header-display":"","ast-hfb-below-header-display":"","ast-hfb-mobile-header-display":"","site-post-title":"","ast-breadcrumbs-content":"","ast-featured-img":"","footer-sml-layout":"","theme-transparent-header-meta":"","adv-header-id-meta":"","stick-header-meta":"","header-above-stick-meta":"","header-main-stick-meta":"","header-below-stick-meta":"","astra-migrate-meta-layouts":"","jetpack_post_was_ever_published":false},"product_brand":[],"product_cat":[19,48,49],"product_tag":[23,21],"class_list":{"0":"post-65","1":"product","2":"type-product","3":"status-publish","4":"has-post-thumbnail","6":"product_cat-belleza","7":"product_cat-cejas","8":"product_cat-pestamas","9":"product_tag-cejas","10":"product_tag-pestanas","11":"desktop-align-left","12":"tablet-align-left","13":"mobile-align-left","15":"first","16":"instock","17":"shipping-taxable","18":"product-type-external"},"yoast_head":"<!-- This site is optimized with the Yoast SEO Premium plugin v20.12 (Yoast SEO v20.12) - https:\/\/yoast.com\/wordpress\/plugins\/seo\/ -->\n<title>DISE\u00d1AR CEJAS COMO NEGOCIO EN 21 D\u00cdAS | Cursos Digitales Online<\/title>\n<meta name=\"description\" content=\"Con el MasterClass DISE\u00d1O DE CEJAS COMO NEGOCIO Crea tu propia imagen como profesional de la belleza aprendiendo lifting, rizado de pesta\u00f1as,\" \/>\n<meta name=\"robots\" content=\"index, follow, max-snippet:-1, max-image-preview:large, max-video-preview:-1\" \/>\n<link rel=\"canonical\" href=\"https:\/\/shopy.uno\/invercursos\/producto\/diseno-de-cejas-como-negocio\/\" \/>\n<meta property=\"og:locale\" content=\"es_ES\" \/>\n<meta property=\"og:type\" content=\"article\" \/>\n<meta property=\"og:title\" content=\"DISE\u00d1AR CEJAS COMO NEGOCIO EN 21 D\u00cdAS\" \/>\n<meta property=\"og:description\" content=\"Con el MasterClass DISE\u00d1O DE CEJAS COMO NEGOCIO Crea tu propia imagen como profesional de la belleza aprendiendo lifting, rizado de pesta\u00f1as,\" \/>\n<meta property=\"og:url\" content=\"https:\/\/shopy.uno\/invercursos\/producto\/diseno-de-cejas-como-negocio\/\" \/>\n<meta property=\"og:site_name\" content=\"Cursos Digitales Online\" \/>\n<meta property=\"article:publisher\" content=\"https:\/\/www.facebook.com\/cursosodesdecasaonline\/\" \/>\n<meta property=\"article:modified_time\" content=\"2023-08-24T03:07:50+00:00\" \/>\n<meta property=\"og:image\" content=\"https:\/\/i0.wp.com\/www.invercursos.online\/wp-content\/uploads\/2023\/08\/MasterSELLO-3.jpg?fit=600%2C600&ssl=1\" \/>\n\t<meta property=\"og:image:width\" content=\"600\" \/>\n\t<meta property=\"og:image:height\" content=\"600\" \/>\n\t<meta property=\"og:image:type\" content=\"image\/jpeg\" \/>\n<meta name=\"twitter:card\" content=\"summary_large_image\" \/>\n<meta name=\"twitter:label1\" content=\"Tiempo de lectura\" \/>\n\t<meta name=\"twitter:data1\" content=\"3 minutos\" \/>\n<script type=\"application\/ld+json\" class=\"yoast-schema-graph\">{\"@context\":\"https:\/\/schema.org\",\"@graph\":[{\"@type\":\"WebPage\",\"@id\":\"https:\/\/shopy.uno\/invercursos\/producto\/diseno-de-cejas-como-negocio\/\",\"url\":\"https:\/\/shopy.uno\/invercursos\/producto\/diseno-de-cejas-como-negocio\/\",\"name\":\"DISE\u00d1AR CEJAS COMO NEGOCIO EN 21 D\u00cdAS | Cursos Digitales Online\",\"isPartOf\":{\"@id\":\"https:\/\/shopy.uno\/invercursos\/#website\"},\"datePublished\":\"2023-08-08T01:59:15+00:00\",\"dateModified\":\"2023-08-24T03:07:50+00:00\",\"description\":\"Con el MasterClass DISE\u00d1O DE CEJAS COMO NEGOCIO Crea tu propia imagen como profesional de la belleza aprendiendo lifting, rizado de pesta\u00f1as,\",\"breadcrumb\":{\"@id\":\"https:\/\/shopy.uno\/invercursos\/producto\/diseno-de-cejas-como-negocio\/#breadcrumb\"},\"inLanguage\":\"es\",\"potentialAction\":[{\"@type\":\"ReadAction\",\"target\":[\"https:\/\/shopy.uno\/invercursos\/producto\/diseno-de-cejas-como-negocio\/\"]}]},{\"@type\":\"BreadcrumbList\",\"@id\":\"https:\/\/shopy.uno\/invercursos\/producto\/diseno-de-cejas-como-negocio\/#breadcrumb\",\"itemListElement\":[{\"@type\":\"ListItem\",\"position\":1,\"name\":\"Portada\",\"item\":\"https:\/\/shopy.uno\/invercursos\/\"},{\"@type\":\"ListItem\",\"position\":2,\"name\":\"Tienda\",\"item\":\"https:\/\/shopy.uno\/invercursos\/tienda\/\"},{\"@type\":\"ListItem\",\"position\":3,\"name\":\"DISE\u00d1AR CEJAS COMO NEGOCIO EN 21 D\u00cdAS\"}]},{\"@type\":\"WebSite\",\"@id\":\"https:\/\/shopy.uno\/invercursos\/#website\",\"url\":\"https:\/\/shopy.uno\/invercursos\/\",\"name\":\"Cursos Digitales Online\",\"description\":\"Cursos Digitales Online gratis\",\"publisher\":{\"@id\":\"https:\/\/shopy.uno\/invercursos\/#organization\"},\"alternateName\":\"Cursos Digitales Online\",\"potentialAction\":[{\"@type\":\"SearchAction\",\"target\":{\"@type\":\"EntryPoint\",\"urlTemplate\":\"https:\/\/shopy.uno\/invercursos\/?s={search_term_string}\"},\"query-input\":\"required name=search_term_string\"}],\"inLanguage\":\"es\"},{\"@type\":\"Organization\",\"@id\":\"https:\/\/shopy.uno\/invercursos\/#organization\",\"name\":\"invercursos\",\"url\":\"https:\/\/shopy.uno\/invercursos\/\",\"logo\":{\"@type\":\"ImageObject\",\"inLanguage\":\"es\",\"@id\":\"https:\/\/shopy.uno\/invercursos\/#\/schema\/logo\/image\/\",\"url\":\"https:\/\/shopy.uno\/invercursos\/wp-content\/uploads\/2023\/08\/cropped-INVER_CURSOS.ONLINE-removebg-preview-2.png\",\"contentUrl\":\"https:\/\/shopy.uno\/invercursos\/wp-content\/uploads\/2023\/08\/cropped-INVER_CURSOS.ONLINE-removebg-preview-2.png\",\"width\":496,\"height\":496,\"caption\":\"invercursos\"},\"image\":{\"@id\":\"https:\/\/shopy.uno\/invercursos\/#\/schema\/logo\/image\/\"},\"sameAs\":[\"https:\/\/www.facebook.com\/cursosodesdecasaonline\/\"]}]}<\/script>\n<!-- \/ Yoast SEO Premium plugin. -->","yoast_head_json":{"title":"DISE\u00d1AR CEJAS COMO NEGOCIO EN 21 D\u00cdAS | Cursos Digitales Online","description":"Con el MasterClass DISE\u00d1O DE CEJAS COMO NEGOCIO Crea tu propia imagen como profesional de la belleza aprendiendo lifting, rizado de pesta\u00f1as,","robots":{"index":"index","follow":"follow","max-snippet":"max-snippet:-1","max-image-preview":"max-image-preview:large","max-video-preview":"max-video-preview:-1"},"canonical":"https:\/\/shopy.uno\/invercursos\/producto\/diseno-de-cejas-como-negocio\/","og_locale":"es_ES","og_type":"article","og_title":"DISE\u00d1AR CEJAS COMO NEGOCIO EN 21 D\u00cdAS","og_description":"Con el MasterClass DISE\u00d1O DE CEJAS COMO NEGOCIO Crea tu propia imagen como profesional de la belleza aprendiendo lifting, rizado de pesta\u00f1as,","og_url":"https:\/\/shopy.uno\/invercursos\/producto\/diseno-de-cejas-como-negocio\/","og_site_name":"Cursos Digitales Online","article_publisher":"https:\/\/www.facebook.com\/cursosodesdecasaonline\/","article_modified_time":"2023-08-24T03:07:50+00:00","og_image":[{"width":600,"height":600,"url":"https:\/\/i0.wp.com\/www.invercursos.online\/wp-content\/uploads\/2023\/08\/MasterSELLO-3.jpg?fit=600%2C600&ssl=1","type":"image\/jpeg"}],"twitter_card":"summary_large_image","twitter_misc":{"Tiempo de lectura":"3 minutos"},"schema":{"@context":"https:\/\/schema.org","@graph":[{"@type":"WebPage","@id":"https:\/\/shopy.uno\/invercursos\/producto\/diseno-de-cejas-como-negocio\/","url":"https:\/\/shopy.uno\/invercursos\/producto\/diseno-de-cejas-como-negocio\/","name":"DISE\u00d1AR CEJAS COMO NEGOCIO EN 21 D\u00cdAS | Cursos Digitales Online","isPartOf":{"@id":"https:\/\/shopy.uno\/invercursos\/#website"},"datePublished":"2023-08-08T01:59:15+00:00","dateModified":"2023-08-24T03:07:50+00:00","description":"Con el MasterClass DISE\u00d1O DE CEJAS COMO NEGOCIO Crea tu propia imagen como profesional de la belleza aprendiendo lifting, rizado de pesta\u00f1as,","breadcrumb":{"@id":"https:\/\/shopy.uno\/invercursos\/producto\/diseno-de-cejas-como-negocio\/#breadcrumb"},"inLanguage":"es","potentialAction":[{"@type":"ReadAction","target":["https:\/\/shopy.uno\/invercursos\/producto\/diseno-de-cejas-como-negocio\/"]}]},{"@type":"BreadcrumbList","@id":"https:\/\/shopy.uno\/invercursos\/producto\/diseno-de-cejas-como-negocio\/#breadcrumb","itemListElement":[{"@type":"ListItem","position":1,"name":"Portada","item":"https:\/\/shopy.uno\/invercursos\/"},{"@type":"ListItem","position":2,"name":"Tienda","item":"https:\/\/shopy.uno\/invercursos\/tienda\/"},{"@type":"ListItem","position":3,"name":"DISE\u00d1AR CEJAS COMO NEGOCIO EN 21 D\u00cdAS"}]},{"@type":"WebSite","@id":"https:\/\/shopy.uno\/invercursos\/#website","url":"https:\/\/shopy.uno\/invercursos\/","name":"Cursos Digitales Online","description":"Cursos Digitales Online gratis","publisher":{"@id":"https:\/\/shopy.uno\/invercursos\/#organization"},"alternateName":"Cursos Digitales Online","potentialAction":[{"@type":"SearchAction","target":{"@type":"EntryPoint","urlTemplate":"https:\/\/shopy.uno\/invercursos\/?s={search_term_string}"},"query-input":"required name=search_term_string"}],"inLanguage":"es"},{"@type":"Organization","@id":"https:\/\/shopy.uno\/invercursos\/#organization","name":"invercursos","url":"https:\/\/shopy.uno\/invercursos\/","logo":{"@type":"ImageObject","inLanguage":"es","@id":"https:\/\/shopy.uno\/invercursos\/#\/schema\/logo\/image\/","url":"https:\/\/shopy.uno\/invercursos\/wp-content\/uploads\/2023\/08\/cropped-INVER_CURSOS.ONLINE-removebg-preview-2.png","contentUrl":"https:\/\/shopy.uno\/invercursos\/wp-content\/uploads\/2023\/08\/cropped-INVER_CURSOS.ONLINE-removebg-preview-2.png","width":496,"height":496,"caption":"invercursos"},"image":{"@id":"https:\/\/shopy.uno\/invercursos\/#\/schema\/logo\/image\/"},"sameAs":["https:\/\/www.facebook.com\/cursosodesdecasaonline\/"]}]}},"jetpack-related-posts":[],"jetpack_sharing_enabled":true,"_links":{"self":[{"href":"https:\/\/shopy.uno\/invercursos\/wp-json\/wp\/v2\/product\/65","targetHints":{"allow":["GET"]}}],"collection":[{"href":"https:\/\/shopy.uno\/invercursos\/wp-json\/wp\/v2\/product"}],"about":[{"href":"https:\/\/shopy.uno\/invercursos\/wp-json\/wp\/v2\/types\/product"}],"replies":[{"embeddable":true,"href":"https:\/\/shopy.uno\/invercursos\/wp-json\/wp\/v2\/comments?post=65"}],"wp:featuredmedia":[{"embeddable":true,"href":"https:\/\/shopy.uno\/invercursos\/wp-json\/wp\/v2\/media\/67"}],"wp:attachment":[{"href":"https:\/\/shopy.uno\/invercursos\/wp-json\/wp\/v2\/media?parent=65"}],"wp:term":[{"taxonomy":"product_brand","embeddable":true,"href":"https:\/\/shopy.uno\/invercursos\/wp-json\/wp\/v2\/product_brand?post=65"},{"taxonomy":"product_cat","embeddable":true,"href":"https:\/\/shopy.uno\/invercursos\/wp-json\/wp\/v2\/product_cat?post=65"},{"taxonomy":"product_tag","embeddable":true,"href":"https:\/\/shopy.uno\/invercursos\/wp-json\/wp\/v2\/product_tag?post=65"}],"curies":[{"name":"wp","href":"https:\/\/api.w.org\/{rel}","templated":true}]}}